{"id":679,"date":"2024-09-16T08:17:05","date_gmt":"2024-09-16T08:17:05","guid":{"rendered":"http:\/\/antalyatmsmerkezi.com\/?page_id=679"},"modified":"2024-09-16T13:03:50","modified_gmt":"2024-09-16T13:03:50","slug":"zigarettensucht","status":"publish","type":"page","link":"https:\/\/antalyatmsmerkezi.com\/de\/zigarettensucht\/","title":{"rendered":"Rauchsucht"},"content":{"rendered":"<div data-elementor-type=\"wp-page\" data-elementor-id=\"679\" class=\"elementor elementor-679\" data-elementor-settings=\"{&quot;ha_cmc_init_switcher&quot;:&quot;no&quot;}\">\n\t\t\t\t<div class=\"elementor-element elementor-element-7ba1d825 e-con-full elementor-hidden-tablet elementor-hidden-mobile e-flex wpr-particle-no wpr-jarallax-no wpr-parallax-no wpr-sticky-section-no e-con e-parent\" data-id=\"7ba1d825\" data-element_type=\"container\">\n\t\t\t\t<div class=\"elementor-element elementor-element-3f4205bc elementor-widget elementor-widget-image\" data-id=\"3f4205bc\" data-element_type=\"widget\" data-widget_type=\"image.default\">\n\t\t\t\t<div class=\"elementor-widget-container\">\n\t\t\t\t\t\t\t\t\t\t\t\t\t\t\t<img fetchpriority=\"high\" decoding=\"async\" width=\"1920\" height=\"744\" src=\"https:\/\/antalyatmsmerkezi.com\/wp-content\/uploads\/2024\/09\/Antalya-TMS-Sigara-Bagimliligi_02.jpg\" class=\"attachment-full size-full wp-image-958\" alt=\"\" srcset=\"https:\/\/antalyatmsmerkezi.com\/wp-content\/uploads\/2024\/09\/Antalya-TMS-Sigara-Bagimliligi_02.jpg 1920w, https:\/\/antalyatmsmerkezi.com\/wp-content\/uploads\/2024\/09\/Antalya-TMS-Sigara-Bagimliligi_02-300x116.jpg 300w, https:\/\/antalyatmsmerkezi.com\/wp-content\/uploads\/2024\/09\/Antalya-TMS-Sigara-Bagimliligi_02-1024x397.jpg 1024w, https:\/\/antalyatmsmerkezi.com\/wp-content\/uploads\/2024\/09\/Antalya-TMS-Sigara-Bagimliligi_02-768x298.jpg 768w, https:\/\/antalyatmsmerkezi.com\/wp-content\/uploads\/2024\/09\/Antalya-TMS-Sigara-Bagimliligi_02-1536x595.jpg 1536w\" sizes=\"(max-width: 1920px) 100vw, 1920px\" \/>\t\t\t\t\t\t\t\t\t\t\t\t\t\t\t<\/div>\n\t\t\t\t<\/div>\n\t\t\t\t<\/div>\n\t\t<div class=\"elementor-element elementor-element-754162a8 elementor-hidden-desktop e-flex e-con-boxed wpr-particle-no wpr-jarallax-no wpr-parallax-no wpr-sticky-section-no e-con e-parent\" data-id=\"754162a8\" data-element_type=\"container\">\n\t\t\t\t\t<div class=\"e-con-inner\">\n\t\t\t\t<div class=\"elementor-element elementor-element-4a8332a2 elementor-widget elementor-widget-image\" data-id=\"4a8332a2\" data-element_type=\"widget\" data-widget_type=\"image.default\">\n\t\t\t\t<div class=\"elementor-widget-container\">\n\t\t\t\t\t\t\t\t\t\t\t\t\t\t\t<img decoding=\"async\" width=\"800\" height=\"882\" src=\"https:\/\/antalyatmsmerkezi.com\/wp-content\/uploads\/2024\/09\/Antalya-TMS-Sigara-Bagimliligi-Mobil_02-929x1024.jpg\" class=\"attachment-large size-large wp-image-960\" alt=\"\" srcset=\"https:\/\/antalyatmsmerkezi.com\/wp-content\/uploads\/2024\/09\/Antalya-TMS-Sigara-Bagimliligi-Mobil_02-929x1024.jpg 929w, https:\/\/antalyatmsmerkezi.com\/wp-content\/uploads\/2024\/09\/Antalya-TMS-Sigara-Bagimliligi-Mobil_02-272x300.jpg 272w, https:\/\/antalyatmsmerkezi.com\/wp-content\/uploads\/2024\/09\/Antalya-TMS-Sigara-Bagimliligi-Mobil_02-768x846.jpg 768w, https:\/\/antalyatmsmerkezi.com\/wp-content\/uploads\/2024\/09\/Antalya-TMS-Sigara-Bagimliligi-Mobil_02.jpg 1080w\" sizes=\"(max-width: 800px) 100vw, 800px\" \/>\t\t\t\t\t\t\t\t\t\t\t\t\t\t\t<\/div>\n\t\t\t\t<\/div>\n\t\t\t\t\t<\/div>\n\t\t\t\t<\/div>\n\t\t<div class=\"elementor-element elementor-element-22fd6493 e-flex e-con-boxed wpr-particle-no wpr-jarallax-no wpr-parallax-no wpr-sticky-section-no e-con e-parent\" data-id=\"22fd6493\" data-element_type=\"container\">\n\t\t\t\t\t<div class=\"e-con-inner\">\n\t\t\t\t<div class=\"elementor-element elementor-element-2530d7d0 elementor-widget elementor-widget-heading\" data-id=\"2530d7d0\" data-element_type=\"widget\" data-widget_type=\"heading.default\">\n\t\t\t\t<div class=\"elementor-widget-container\">\n\t\t\t\t\t<h2 class=\"elementor-heading-title elementor-size-default\">WAS IST ZIGARETTENSUCHT?\n<\/h2>\t\t\t\t<\/div>\n\t\t\t\t<\/div>\n\t\t\t\t\t<\/div>\n\t\t\t\t<\/div>\n\t\t<div class=\"elementor-element elementor-element-16cad652 e-flex e-con-boxed wpr-particle-no wpr-jarallax-no wpr-parallax-no wpr-sticky-section-no e-con e-parent\" data-id=\"16cad652\" data-element_type=\"container\">\n\t\t\t\t\t<div class=\"e-con-inner\">\n\t\t\t\t<div class=\"elementor-element elementor-element-965d239 elementor-widget elementor-widget-text-editor\" data-id=\"965d239\" data-element_type=\"widget\" data-widget_type=\"text-editor.default\">\n\t\t\t\t<div class=\"elementor-widget-container\">\n\t\t\t\t\t\t\t\t\t<p>Nikotinsucht, auch bekannt als Zigarettensucht, wird von der Weltgesundheitsorganisation als \u201eregelm\u00e4\u00dfiger Konsum einer Zigarette pro Tag\u201c definiert. Nikotin, das eine stimulierende Wirkung auf das Nervensystem hat, kann mit der Zeit sowohl zu k\u00f6rperlicher als auch zu psychischer Abh\u00e4ngigkeit f\u00fchren.<\/p>\t\t\t\t\t\t\t\t<\/div>\n\t\t\t\t<\/div>\n\t\t\t\t\t<\/div>\n\t\t\t\t<\/div>\n\t\t<div class=\"elementor-element elementor-element-5643b74f e-flex e-con-boxed wpr-particle-no wpr-jarallax-no wpr-parallax-no wpr-sticky-section-no e-con e-parent\" data-id=\"5643b74f\" data-element_type=\"container\">\n\t\t\t\t\t<div class=\"e-con-inner\">\n\t\t\t\t<div class=\"elementor-element elementor-element-548735e5 elementor-widget elementor-widget-heading\" data-id=\"548735e5\" data-element_type=\"widget\" data-widget_type=\"heading.default\">\n\t\t\t\t<div class=\"elementor-widget-container\">\n\t\t\t\t\t<h2 class=\"elementor-heading-title elementor-size-default\">SCH\u00c4DLICHE WIRKUNGEN VON ZIGARETTEN\n<\/h2>\t\t\t\t<\/div>\n\t\t\t\t<\/div>\n\t\t\t\t\t<\/div>\n\t\t\t\t<\/div>\n\t\t<div class=\"elementor-element elementor-element-42da72ea e-flex e-con-boxed wpr-particle-no wpr-jarallax-no wpr-parallax-no wpr-sticky-section-no e-con e-parent\" data-id=\"42da72ea\" data-element_type=\"container\">\n\t\t\t\t\t<div class=\"e-con-inner\">\n\t\t\t\t<div class=\"elementor-element elementor-element-71896159 elementor-widget elementor-widget-text-editor\" data-id=\"71896159\" data-element_type=\"widget\" data-widget_type=\"text-editor.default\">\n\t\t\t\t<div class=\"elementor-widget-container\">\n\t\t\t\t\t\t\t\t\t<p>Rauchen beeintr\u00e4chtigt alle Organe, insbesondere die Lunge, und kann zu schwerwiegenden gesundheitlichen Problemen in vielen K\u00f6rpersystemen f\u00fchren. Weltweit ist Rauchen f\u00fcr den Tod eines Menschen alle sechs Sekunden verantwortlich. Die damit verbundenen gesundheitlichen Folgen lassen sich wie folgt auflisten:<\/p><p><strong>Krebs:<\/strong><\/p><p>Zigaretten enthalten mehr als 7.000 Chemikalien, von denen Hunderte giftig sind und mehr als 70 davon direkt krebserregend sind. Zigarettenkonsum und Passivrauchen stehen in direktem Zusammenhang mit vielen Krebsarten, darunter Lungenkrebs und Geb\u00e4rmutterkrebs.<\/p><p>Oder es kann den Behandlungsverlauf einer Krebserkrankung beeintr\u00e4chtigen. Raucher haben ein siebenfach erh\u00f6htes Risiko, an einer Krebserkrankung zu sterben, w\u00e4hrend das Risiko, an Lungenkrebs zu sterben, um das 12- bis 24-Fache steigt.<\/p><p><strong>Herz-Kreislauf-Erkrankungen:<\/strong><\/p><p>Zigarettenkonsum und Passivrauchen sind vermeidbare Faktoren, die zu Herz-Kreislauf-Erkrankungen f\u00fchren. Kohlenmonoxid, ein im Zigarettenrauch enthaltenes Gas, das f\u00fcr Vergiftungen von Herden und Warmwasserbereitern verantwortlich ist, gelangt von der Lunge in den Blutkreislauf.<\/p><p>Es bindet direkt an Blutzellen, das sogenannte H\u00e4moglobin. Diese Zellen, die f\u00fcr den Sauerstofftransport zu den Geweben zust\u00e4ndig sind, k\u00f6nnen keine Sauerstoffmolek\u00fcle transportieren, wenn sie an Kohlenmonoxid gebunden sind. Dadurch wird die F\u00e4higkeit des Blutes, Sauerstoff zu den Geweben zu transportieren, erheblich eingeschr\u00e4nkt.<\/p><p>Dies f\u00fchrt zu einer erh\u00f6hten Herzbelastung, erh\u00f6htem intravaskul\u00e4ren Blutdruck und der Entwicklung von Herz-Kreislauf-Erkrankungen. Raucher sterben viermal h\u00e4ufiger an Herz-Kreislauf-Erkrankungen wie Herzinfarkten als Nichtraucher.<\/p><p><strong>Erkrankungen der Atemwege:<\/strong><\/p><p>Die Lunge ist zweifellos das Organ, das am schnellsten und intensivsten durch Zigarettenrauch beeintr\u00e4chtigt wird. Teer, eine der sch\u00e4dlichen Chemikalien im eingeatmeten Rauch, reichert sich im Lungengewebe an und verursacht mit der Zeit Gewebesch\u00e4den.<\/p><p>Dies f\u00fchrt zu einer verringerten Atemkapazit\u00e4t und einem erh\u00f6hten Risiko f\u00fcr schwere Atemwegserkrankungen wie Asthma und chronisch obstruktive Lungenerkrankung (COPD). Man kann sagen, dass das COPD-Risiko durch langfristiges Rauchen st\u00e4rker steigt als %8.<\/p><p><strong>Beeintr\u00e4chtigung der Sexualfunktionen:<\/strong><\/p><p>Damit alle K\u00f6rperzellen richtig funktionieren, muss jede Zelle ausreichend mit Sauerstoff versorgt sein. Rauchen verringert die Sauerstofftransportkapazit\u00e4t des Blutes erheblich und f\u00fchrt zu Funktionsst\u00f6rungen in allen K\u00f6rpersystemen.<\/p><p>Giftige Chemikalien, die durch Zigarettenrauch eingeatmet werden, beeintr\u00e4chtigen die Sexualfunktion beider Geschlechter. Diese Chemikalien, die sich \u00e4u\u00dferst sch\u00e4dlich auf Eierst\u00f6cke und Hoden auswirken, tragen auch erheblich zum Risiko von Unfruchtbarkeit bei.<\/p><p>Rauchen erh\u00f6ht das Risiko von reproduktiven Gesundheitsproblemen wie Fehlgeburten, Plazentaproblemen und Eileiterschwangerschaften w\u00e4hrend der Schwangerschaft, w\u00e4hrend es au\u00dferhalb der Schwangerschaft das Risiko von unregelm\u00e4\u00dfigen Menstruationszyklen, Osteoporose, vorzeitiger Menopause und gyn\u00e4kologischem Krebs erh\u00f6ht.<\/p><p><strong>Nierenerkrankungen:<\/strong><\/p><p>Nikotin, das durch Zigarettenrauch aufgenommen wird, wird zu einer anderen Chemikalie namens Cotinin verstoffwechselt. Diese Substanz, ein Stoffwechselabfallprodukt, wird \u00fcber den Urin ausgeschieden. Bevor es ausgeschieden wird, passiert es jedoch das gesamte Nierensystem und sch\u00e4digt die Nieren und andere Strukturen stark. Dar\u00fcber hinaus kann der mit dem Rauchen verbundene erh\u00f6hte Blutdruck zu schweren langfristigen Nierensch\u00e4den und sogar Nierenversagen f\u00fchren.<\/p><p>\u00a0<\/p>\t\t\t\t\t\t\t\t<\/div>\n\t\t\t\t<\/div>\n\t\t\t\t\t<\/div>\n\t\t\t\t<\/div>\n\t\t<div class=\"elementor-element elementor-element-169d1c4e e-flex e-con-boxed wpr-particle-no wpr-jarallax-no wpr-parallax-no wpr-sticky-section-no e-con e-parent\" data-id=\"169d1c4e\" data-element_type=\"container\">\n\t\t\t\t\t<div class=\"e-con-inner\">\n\t\t\t\t<div class=\"elementor-element elementor-element-34e5e8b3 elementor-widget elementor-widget-image\" data-id=\"34e5e8b3\" data-element_type=\"widget\" data-widget_type=\"image.default\">\n\t\t\t\t<div class=\"elementor-widget-container\">\n\t\t\t\t\t\t\t\t\t\t\t\t\t\t\t<img decoding=\"async\" width=\"800\" height=\"450\" src=\"https:\/\/antalyatmsmerkezi.com\/wp-content\/uploads\/2024\/09\/Antalya-TMS-Sigara-Bagimliligi_05-1024x576.jpg\" class=\"attachment-large size-large wp-image-959\" alt=\"\" srcset=\"https:\/\/antalyatmsmerkezi.com\/wp-content\/uploads\/2024\/09\/Antalya-TMS-Sigara-Bagimliligi_05-1024x576.jpg 1024w, https:\/\/antalyatmsmerkezi.com\/wp-content\/uploads\/2024\/09\/Antalya-TMS-Sigara-Bagimliligi_05-300x169.jpg 300w, https:\/\/antalyatmsmerkezi.com\/wp-content\/uploads\/2024\/09\/Antalya-TMS-Sigara-Bagimliligi_05-768x432.jpg 768w, https:\/\/antalyatmsmerkezi.com\/wp-content\/uploads\/2024\/09\/Antalya-TMS-Sigara-Bagimliligi_05.jpg 1170w\" sizes=\"(max-width: 800px) 100vw, 800px\" \/>\t\t\t\t\t\t\t\t\t\t\t\t\t\t\t<\/div>\n\t\t\t\t<\/div>\n\t\t\t\t\t<\/div>\n\t\t\t\t<\/div>\n\t\t\t\t<\/div>","protected":false},"excerpt":{"rendered":"<p>WAS IST ZIGARETTENSUCHT? Nikotinsucht, auch als Zigarettensucht bekannt, wird von der Weltgesundheitsorganisation als \u201eder regelm\u00e4\u00dfige Konsum einer Zigarette pro Tag\u201c definiert. Nikotinkonsum, der eine stimulierende Wirkung auf das Nervensystem hat, kann mit der Zeit sowohl zu k\u00f6rperlicher als auch zu psychischer Abh\u00e4ngigkeit f\u00fchren. SCH\u00c4DLICHE WIRKUNGEN VON ZIGARETTEN Rauchen beeintr\u00e4chtigt alle Organe des K\u00f6rpers, insbesondere die Lunge, und kann zu schweren gesundheitlichen Problemen in vielen K\u00f6rpersystemen f\u00fchren. Weltweit stirbt alle sechs Sekunden ein Mensch am Rauchen. Die damit verbundenen gesundheitlichen Probleme lassen sich wie folgt auflisten: Krebs: Zigaretten enthalten \u00fcber 7.000 Chemikalien, von denen Hunderte giftig und \u00fcber 70 direkt krebserregend sind. Zigarettenkonsum und Passivrauchen stehen in direktem Zusammenhang mit vielen Krebsarten, darunter Lungenkrebs und Geb\u00e4rmutterkrebs. Sie k\u00f6nnen aber auch den Behandlungsverlauf von Krebs beeintr\u00e4chtigen. Das Risiko eines Rauchers, an einer Krebserkrankung zu sterben, steigt um das Siebenfache, das Risiko, an Lungenkrebs zu sterben, um das 12- bis 24-Fache. Herz-Kreislauf-Erkrankungen: Zigarettenrauchen und Passivrauchen sind vermeidbare Faktoren, die zu Herz-Kreislauf-Erkrankungen f\u00fchren. Kohlenmonoxid, das im Zigarettenrauch enthalten ist und f\u00fcr Vergiftungen von Herd und Warmwasserbereiter verantwortlich ist, gelangt von der Lunge in den Blutkreislauf. Es bindet sich direkt an die Blutzellen, das H\u00e4moglobin. Wenn diese Zellen, die f\u00fcr den Sauerstofftransport zu den Geweben zust\u00e4ndig sind, Kohlenmonoxid binden, k\u00f6nnen sie keine Sauerstoffmolek\u00fcle mehr transportieren, wodurch die F\u00e4higkeit des Blutes, Sauerstoff zu den Geweben zu transportieren, erheblich reduziert wird. Dies erh\u00f6ht die Arbeitsbelastung des Herzens, erh\u00f6ht den intravaskul\u00e4ren Blutdruck und f\u00fchrt zu Herz-Kreislauf-Erkrankungen. Raucher haben ein viermal h\u00f6heres Risiko, an Herz-Kreislauf-Erkrankungen wie Herzinfarkten zu sterben als Nichtraucher. Atemwegserkrankungen: Die Lunge ist zweifellos das Organ, das am schnellsten und st\u00e4rksten von Passivrauchen betroffen ist. Teer, eine der sch\u00e4dlichen Chemikalien im eingeatmeten Rauch, reichert sich im Lungengewebe an und f\u00fchrt mit der Zeit zu Gewebesch\u00e4den. Dies f\u00fchrt zu einer verringerten Atemkapazit\u00e4t und erh\u00f6ht das Risiko schwerer Atemwegserkrankungen wie Asthma und chronisch obstruktiver Lungenerkrankung (COPD). Man kann sagen, dass das COPD-Risiko nach langj\u00e4hrigem Rauchen deutlich st\u00e4rker ansteigt als %8. Beeintr\u00e4chtigung der Sexualfunktion: Damit alle K\u00f6rperzellen richtig funktionieren k\u00f6nnen, muss jede Zelle ausreichend mit Sauerstoff versorgt werden. Rauchen reduziert die Sauerstofftransportkapazit\u00e4t des Blutes erheblich und f\u00fchrt zu Funktionsst\u00f6rungen in allen K\u00f6rpersystemen. Giftige Chemikalien, die durch Zigarettenrauch eingeatmet werden, beeintr\u00e4chtigen die Sexualfunktion beider Geschlechter. Diese Chemikalien, die hochgradig sch\u00e4dliche Auswirkungen auf Eierst\u00f6cke und Hoden haben, sind auch ein erheblicher Faktor, der das Risiko von Unfruchtbarkeit erh\u00f6ht. Rauchen kann zu reproduktiven Gesundheitsproblemen wie Fehlgeburten, Plazentaproblemen und Eileiterschwangerschaften w\u00e4hrend der Schwangerschaft f\u00fchren und gleichzeitig das Risiko f\u00fcr unregelm\u00e4\u00dfige Menstruationszyklen, Osteoporose, vorzeitige Menopause und gyn\u00e4kologische Krebserkrankungen au\u00dferhalb der Schwangerschaft erh\u00f6hen. Nierenerkrankungen: Durch Zigarettenrauch eingeatmetes Nikotin wird zu einer anderen Chemikalie namens Cotinin verstoffwechselt. Diese Substanz, ein Stoffwechselabfallprodukt des K\u00f6rpers, wird \u00fcber den Urin ausgeschieden. Bevor sie ausgeschieden wird, durchl\u00e4uft sie jedoch das gesamte Nierensystem und beeintr\u00e4chtigt die Nieren und andere Strukturen stark. Dar\u00fcber hinaus kann der mit dem Rauchen verbundene erh\u00f6hte Blutdruck zu schweren langfristigen Nierensch\u00e4den und sogar Nierenversagen f\u00fchren. \u00a0<\/p>","protected":false},"author":1,"featured_media":0,"parent":0,"menu_order":0,"comment_status":"closed","ping_status":"closed","template":"","meta":{"footnotes":""},"class_list":["post-679","page","type-page","status-publish","hentry"],"_links":{"self":[{"href":"https:\/\/antalyatmsmerkezi.com\/de\/wp-json\/wp\/v2\/pages\/679","targetHints":{"allow":["GET"]}}],"collection":[{"href":"https:\/\/antalyatmsmerkezi.com\/de\/wp-json\/wp\/v2\/pages"}],"about":[{"href":"https:\/\/antalyatmsmerkezi.com\/de\/wp-json\/wp\/v2\/types\/page"}],"author":[{"embeddable":true,"href":"https:\/\/antalyatmsmerkezi.com\/de\/wp-json\/wp\/v2\/users\/1"}],"replies":[{"embeddable":true,"href":"https:\/\/antalyatmsmerkezi.com\/de\/wp-json\/wp\/v2\/comments?post=679"}],"version-history":[{"count":7,"href":"https:\/\/antalyatmsmerkezi.com\/de\/wp-json\/wp\/v2\/pages\/679\/revisions"}],"predecessor-version":[{"id":994,"href":"https:\/\/antalyatmsmerkezi.com\/de\/wp-json\/wp\/v2\/pages\/679\/revisions\/994"}],"wp:attachment":[{"href":"https:\/\/antalyatmsmerkezi.com\/de\/wp-json\/wp\/v2\/media?parent=679"}],"curies":[{"name":"wp","href":"https:\/\/api.w.org\/{rel}","templated":true}]}}