{"id":661,"date":"2024-09-16T08:14:19","date_gmt":"2024-09-16T08:14:19","guid":{"rendered":"http:\/\/antalyatmsmerkezi.com\/?page_id=661"},"modified":"2024-09-16T11:10:26","modified_gmt":"2024-09-16T11:10:26","slug":"lahmung-schlaganfall","status":"publish","type":"page","link":"https:\/\/antalyatmsmerkezi.com\/de\/lahmung-schlaganfall\/","title":{"rendered":"L\u00e4hmung (Schlaganfall)"},"content":{"rendered":"<div data-elementor-type=\"wp-page\" data-elementor-id=\"661\" class=\"elementor elementor-661\" data-elementor-settings=\"{&quot;ha_cmc_init_switcher&quot;:&quot;no&quot;}\">\n\t\t\t\t<div class=\"elementor-element elementor-element-4144804f e-con-full elementor-hidden-tablet elementor-hidden-mobile e-flex wpr-particle-no wpr-jarallax-no wpr-parallax-no wpr-sticky-section-no e-con e-parent\" data-id=\"4144804f\" data-element_type=\"container\">\n\t\t\t\t<div class=\"elementor-element elementor-element-9b5b264 elementor-widget elementor-widget-image\" data-id=\"9b5b264\" data-element_type=\"widget\" data-widget_type=\"image.default\">\n\t\t\t\t<div class=\"elementor-widget-container\">\n\t\t\t\t\t\t\t\t\t\t\t\t\t\t\t<img fetchpriority=\"high\" decoding=\"async\" width=\"1920\" height=\"744\" src=\"https:\/\/antalyatmsmerkezi.com\/wp-content\/uploads\/2024\/09\/Antalya-TMS-Felc-Inme_02.jpg\" class=\"attachment-full size-full wp-image-777\" alt=\"\" srcset=\"https:\/\/antalyatmsmerkezi.com\/wp-content\/uploads\/2024\/09\/Antalya-TMS-Felc-Inme_02.jpg 1920w, https:\/\/antalyatmsmerkezi.com\/wp-content\/uploads\/2024\/09\/Antalya-TMS-Felc-Inme_02-300x116.jpg 300w, https:\/\/antalyatmsmerkezi.com\/wp-content\/uploads\/2024\/09\/Antalya-TMS-Felc-Inme_02-1024x397.jpg 1024w, https:\/\/antalyatmsmerkezi.com\/wp-content\/uploads\/2024\/09\/Antalya-TMS-Felc-Inme_02-768x298.jpg 768w, https:\/\/antalyatmsmerkezi.com\/wp-content\/uploads\/2024\/09\/Antalya-TMS-Felc-Inme_02-1536x595.jpg 1536w\" sizes=\"(max-width: 1920px) 100vw, 1920px\" \/>\t\t\t\t\t\t\t\t\t\t\t\t\t\t\t<\/div>\n\t\t\t\t<\/div>\n\t\t\t\t<\/div>\n\t\t<div class=\"elementor-element elementor-element-267446d9 elementor-hidden-desktop e-flex e-con-boxed wpr-particle-no wpr-jarallax-no wpr-parallax-no wpr-sticky-section-no e-con e-parent\" data-id=\"267446d9\" data-element_type=\"container\">\n\t\t\t\t\t<div class=\"e-con-inner\">\n\t\t\t\t<div class=\"elementor-element elementor-element-397b78b3 elementor-widget elementor-widget-image\" data-id=\"397b78b3\" data-element_type=\"widget\" data-widget_type=\"image.default\">\n\t\t\t\t<div class=\"elementor-widget-container\">\n\t\t\t\t\t\t\t\t\t\t\t\t\t\t\t<img decoding=\"async\" width=\"800\" height=\"882\" src=\"https:\/\/antalyatmsmerkezi.com\/wp-content\/uploads\/2024\/09\/Antalya-TMS-Felc-Inme-Mobil_02-929x1024.jpg\" class=\"attachment-large size-large wp-image-779\" alt=\"\" srcset=\"https:\/\/antalyatmsmerkezi.com\/wp-content\/uploads\/2024\/09\/Antalya-TMS-Felc-Inme-Mobil_02-929x1024.jpg 929w, https:\/\/antalyatmsmerkezi.com\/wp-content\/uploads\/2024\/09\/Antalya-TMS-Felc-Inme-Mobil_02-272x300.jpg 272w, https:\/\/antalyatmsmerkezi.com\/wp-content\/uploads\/2024\/09\/Antalya-TMS-Felc-Inme-Mobil_02-768x846.jpg 768w, https:\/\/antalyatmsmerkezi.com\/wp-content\/uploads\/2024\/09\/Antalya-TMS-Felc-Inme-Mobil_02.jpg 1080w\" sizes=\"(max-width: 800px) 100vw, 800px\" \/>\t\t\t\t\t\t\t\t\t\t\t\t\t\t\t<\/div>\n\t\t\t\t<\/div>\n\t\t\t\t\t<\/div>\n\t\t\t\t<\/div>\n\t\t<div class=\"elementor-element elementor-element-4f34421f e-flex e-con-boxed wpr-particle-no wpr-jarallax-no wpr-parallax-no wpr-sticky-section-no e-con e-parent\" data-id=\"4f34421f\" data-element_type=\"container\">\n\t\t\t\t\t<div class=\"e-con-inner\">\n\t\t\t\t<div class=\"elementor-element elementor-element-7e6d6453 elementor-widget elementor-widget-heading\" data-id=\"7e6d6453\" data-element_type=\"widget\" data-widget_type=\"heading.default\">\n\t\t\t\t<div class=\"elementor-widget-container\">\n\t\t\t\t\t<h2 class=\"elementor-heading-title elementor-size-default\">Was ist eine L\u00e4hmung (Schlaganfall)?\n<\/h2>\t\t\t\t<\/div>\n\t\t\t\t<\/div>\n\t\t\t\t\t<\/div>\n\t\t\t\t<\/div>\n\t\t<div class=\"elementor-element elementor-element-42fd7f40 e-flex e-con-boxed wpr-particle-no wpr-jarallax-no wpr-parallax-no wpr-sticky-section-no e-con e-parent\" data-id=\"42fd7f40\" data-element_type=\"container\">\n\t\t\t\t\t<div class=\"e-con-inner\">\n\t\t\t\t<div class=\"elementor-element elementor-element-76d2dd40 elementor-widget elementor-widget-text-editor\" data-id=\"76d2dd40\" data-element_type=\"widget\" data-widget_type=\"text-editor.default\">\n\t\t\t\t<div class=\"elementor-widget-container\">\n\t\t\t\t\t\t\t\t\t<p>Ein Schlaganfall ist eine Sch\u00e4digung des Hirngewebes durch einen Riss, eine Blockade oder ein Gerinnsel in den Blutgef\u00e4\u00dfen, die das Gehirn versorgen. Der daraus resultierende Verlust von Gef\u00fchl, Kraft und willk\u00fcrlicher Bewegung in H\u00e4nden, Armen, Gesicht oder Beinen wird als L\u00e4hmung bezeichnet. Dies tritt auf, wenn ein Teil des Gehirns oder Blutgef\u00e4\u00dfe im Gehirn gesch\u00e4digt sind. Schlaganf\u00e4lle geh\u00f6ren zu den Krankheiten, die den gr\u00f6\u00dften Funktionsverlust oder, anders gesagt, eine dauerhafte Behinderung verursachen.<\/p>\t\t\t\t\t\t\t\t<\/div>\n\t\t\t\t<\/div>\n\t\t\t\t\t<\/div>\n\t\t\t\t<\/div>\n\t\t<div class=\"elementor-element elementor-element-6d1e5d46 e-flex e-con-boxed wpr-particle-no wpr-jarallax-no wpr-parallax-no wpr-sticky-section-no e-con e-parent\" data-id=\"6d1e5d46\" data-element_type=\"container\">\n\t\t\t\t\t<div class=\"e-con-inner\">\n\t\t\t\t<div class=\"elementor-element elementor-element-48f862c5 elementor-widget elementor-widget-heading\" data-id=\"48f862c5\" data-element_type=\"widget\" data-widget_type=\"heading.default\">\n\t\t\t\t<div class=\"elementor-widget-container\">\n\t\t\t\t\t<h2 class=\"elementor-heading-title elementor-size-default\">Symptome eines Schlaganfalls\n<\/h2>\t\t\t\t<\/div>\n\t\t\t\t<\/div>\n\t\t\t\t\t<\/div>\n\t\t\t\t<\/div>\n\t\t<div class=\"elementor-element elementor-element-26036011 e-flex e-con-boxed wpr-particle-no wpr-jarallax-no wpr-parallax-no wpr-sticky-section-no e-con e-parent\" data-id=\"26036011\" data-element_type=\"container\">\n\t\t\t\t\t<div class=\"e-con-inner\">\n\t\t\t\t<div class=\"elementor-element elementor-element-2da47a46 elementor-widget elementor-widget-text-editor\" data-id=\"2da47a46\" data-element_type=\"widget\" data-widget_type=\"text-editor.default\">\n\t\t\t\t<div class=\"elementor-widget-container\">\n\t\t\t\t\t\t\t\t\t<p>Ein Schlaganfall verursacht Hirnsch\u00e4den, die sich in Symptomen wie pl\u00f6tzlicher Ohnmacht, Gleichgewichtsverlust und Doppeltsehen \u00e4u\u00dfern. Wenn Sie oder jemand in Ihrem Umfeld einen Schlaganfall erleidet, ist es wichtig, auf den Zeitpunkt des Auftretens der Neuralgiesymptome zu achten. Denn Patienten, die innerhalb der ersten Stunden nach Auftreten der Symptome behandelt werden, profitieren am meisten von dieser Erkrankung. Schlaganfallsymptome k\u00f6nnen wie folgt aufgelistet werden:<\/p><ul><li>Pl\u00f6tzlicher Bewusstseinsverlust oder Ohnmacht<\/li><li>Prozentuale Verschiebung<\/li><li>Sprachbehinderung<\/li><li>Schw\u00e4che im Arm oder Bein auf der gleichen Seite<\/li><li>Doppeltsehen oder pl\u00f6tzlicher Sehverlust<\/li><li>Gleichgewichtsverlust<\/li><li>Sehbehinderung<\/li><li>Schluckbeschwerden<\/li><li>Kognitive Beeintr\u00e4chtigungen<\/li><li>Taubheitsgef\u00fchl im Arm- und Beinbereich<\/li><li>Herabh\u00e4ngen oder Einziehen der Mundwinkel<\/li><\/ul><p>\u00a0<\/p><p>Wenn eines oder mehrere dieser Symptome auftreten, ist es wichtig, sofort einen Arzt aufzusuchen. Es ist wichtig, keine Zeit damit zu verschwenden, auf eine Besserung der Symptome zu warten. Bei einem Schlaganfall z\u00e4hlt jede Minute, jede Sekunde. Je l\u00e4nger ein Schlaganfall unbehandelt bleibt, desto gr\u00f6\u00dfer ist das Risiko von Hirnsch\u00e4den und Behinderungen.<\/p>\t\t\t\t\t\t\t\t<\/div>\n\t\t\t\t<\/div>\n\t\t\t\t\t<\/div>\n\t\t\t\t<\/div>\n\t\t<div class=\"elementor-element elementor-element-3649d30 e-flex e-con-boxed wpr-particle-no wpr-jarallax-no wpr-parallax-no wpr-sticky-section-no e-con e-parent\" data-id=\"3649d30\" data-element_type=\"container\">\n\t\t\t\t\t<div class=\"e-con-inner\">\n\t\t\t\t<div class=\"elementor-element elementor-element-e34b108 elementor-widget elementor-widget-heading\" data-id=\"e34b108\" data-element_type=\"widget\" data-widget_type=\"heading.default\">\n\t\t\t\t<div class=\"elementor-widget-container\">\n\t\t\t\t\t<h2 class=\"elementor-heading-title elementor-size-default\">Symptome eines Schlaganfalls\n<\/h2>\t\t\t\t<\/div>\n\t\t\t\t<\/div>\n\t\t\t\t\t<\/div>\n\t\t\t\t<\/div>\n\t\t<div class=\"elementor-element elementor-element-ec7cbad e-flex e-con-boxed wpr-particle-no wpr-jarallax-no wpr-parallax-no wpr-sticky-section-no e-con e-parent\" data-id=\"ec7cbad\" data-element_type=\"container\">\n\t\t\t\t\t<div class=\"e-con-inner\">\n\t\t\t\t<div class=\"elementor-element elementor-element-4c40045 elementor-widget elementor-widget-text-editor\" data-id=\"4c40045\" data-element_type=\"widget\" data-widget_type=\"text-editor.default\">\n\t\t\t\t<div class=\"elementor-widget-container\">\n\t\t\t\t\t\t\t\t\t<p>Ein Schlaganfall tritt auf, wenn die Blutzufuhr zu einem Teil des Gehirns reduziert oder unterbrochen wird. Dadurch wird das Hirngewebe nicht mehr ausreichend mit Sauerstoff und N\u00e4hrstoffen versorgt, und innerhalb weniger Minuten beginnen Gehirnzellen abzusterben. Im betroffenen Bereich kommt es zu einem vor\u00fcbergehenden oder dauerhaften Funktionsverlust. Ein Schlaganfall kann folgende Ursachen haben:<\/p><ul><li>Diabetes<\/li><li>Hypertonie<\/li><li>Hormonbehandlungen<\/li><li>Rauchen und Alkoholkonsum<\/li><li>Dyslipid\u00e4mie (\u00fcbersch\u00fcssige Blutfette im K\u00f6rper)<\/li><li>Bewegungsmangel<\/li><li>Herzrhythmusst\u00f6rung<\/li><li>Gehirnblutung<\/li><\/ul><p>\u00a0<\/p><p>Es gibt zwei Arten von Schlaganf\u00e4llen: den isch\u00e4mischen Schlaganfall, der durch ein verstopftes Blutgef\u00e4\u00df verursacht wird, und den h\u00e4morrhagischen Schlaganfall, der durch ein undichtes Blutgef\u00e4\u00df verursacht wird. Manche Patienten erleiden eine transitorische isch\u00e4mische Attacke (TIA), bei der die Blutzufuhr zum Gehirn vor\u00fcbergehend unterbrochen wird und die keine bleibenden Symptome verursacht.<\/p><p>\u00a0<\/p>\t\t\t\t\t\t\t\t<\/div>\n\t\t\t\t<\/div>\n\t\t\t\t\t<\/div>\n\t\t\t\t<\/div>\n\t\t<div class=\"elementor-element elementor-element-58f3bc53 e-flex e-con-boxed wpr-particle-no wpr-jarallax-no wpr-parallax-no wpr-sticky-section-no e-con e-parent\" data-id=\"58f3bc53\" data-element_type=\"container\">\n\t\t\t\t\t<div class=\"e-con-inner\">\n\t\t\t\t<div class=\"elementor-element elementor-element-2e5ee265 elementor-widget elementor-widget-image\" data-id=\"2e5ee265\" data-element_type=\"widget\" data-widget_type=\"image.default\">\n\t\t\t\t<div class=\"elementor-widget-container\">\n\t\t\t\t\t\t\t\t\t\t\t\t\t\t\t<img decoding=\"async\" width=\"800\" height=\"448\" src=\"https:\/\/antalyatmsmerkezi.com\/wp-content\/uploads\/2024\/09\/Antalya-TMS-Felc-Inme_05-1024x574.jpg\" class=\"attachment-large size-large wp-image-778\" alt=\"\" srcset=\"https:\/\/antalyatmsmerkezi.com\/wp-content\/uploads\/2024\/09\/Antalya-TMS-Felc-Inme_05-1024x574.jpg 1024w, https:\/\/antalyatmsmerkezi.com\/wp-content\/uploads\/2024\/09\/Antalya-TMS-Felc-Inme_05-300x168.jpg 300w, https:\/\/antalyatmsmerkezi.com\/wp-content\/uploads\/2024\/09\/Antalya-TMS-Felc-Inme_05-768x431.jpg 768w, https:\/\/antalyatmsmerkezi.com\/wp-content\/uploads\/2024\/09\/Antalya-TMS-Felc-Inme_05.jpg 1173w\" sizes=\"(max-width: 800px) 100vw, 800px\" \/>\t\t\t\t\t\t\t\t\t\t\t\t\t\t\t<\/div>\n\t\t\t\t<\/div>\n\t\t\t\t\t<\/div>\n\t\t\t\t<\/div>\n\t\t\t\t<\/div>","protected":false},"excerpt":{"rendered":"<p>Was ist ein Schlaganfall? Ein Schlaganfall ist eine Sch\u00e4digung des Hirngewebes durch einen Riss, eine Blockade oder ein Gerinnsel in den Blutgef\u00e4\u00dfen, die das Gehirn versorgen. Ein Schlaganfall f\u00fchrt zum Verlust von Gef\u00fchl, Kraft und willk\u00fcrlichen Bewegungen in H\u00e4nden, Armen, Gesicht oder Beinen. Dies tritt auf, wenn ein Teil des Gehirns oder die Blutgef\u00e4\u00dfe im Gehirn besch\u00e4digt sind. Der Schlaganfall geh\u00f6rt zu den Krankheiten, die den gr\u00f6\u00dften Funktionsverlust oder, anders gesagt, dauerhafte Behinderung verursachen. Schlaganfallsymptome Ein Schlaganfall verursacht Hirnsch\u00e4den, die sich in pl\u00f6tzlicher Ohnmacht, Gleichgewichtsverlust und Doppeltsehen \u00e4u\u00dfern. Wenn Sie oder jemand in Ihrer Umgebung einen Schlaganfall erleidet, ist es wichtig, auf den Zeitpunkt des Auftretens der neurologischen Symptome zu achten. Patienten, die bei dieser Krankheit am meisten von einer Behandlung profitieren, sind diejenigen, die innerhalb der ersten Stunden nach Auftreten der Symptome behandelt werden. Die Symptome eines Schlaganfalls k\u00f6nnen wie folgt aufgelistet werden: Pl\u00f6tzlicher Bewusstseinsverlust oder Ohnmacht Gesichtsver\u00e4nderungen Sprachst\u00f6rungen Schw\u00e4che im Arm oder Bein auf derselben Seite Doppeltsehen oder pl\u00f6tzlicher Sehverlust Gleichgewichtsverlust Sehst\u00f6rungen Schluckbeschwerden Kognitive Beeintr\u00e4chtigung Taubheitsgef\u00fchl in Arm und Bein Herabh\u00e4ngende oder eingezogene Mundwinkel Wenn eines oder mehrere dieser Symptome auftreten, muss sofort ein Notarzt aufgesucht werden. Es ist wichtig, keine Zeit zu verlieren, um zu beobachten, ob sich die Symptome \u00e4ndern. Bei einem Schlaganfall ist jede Minute, jede Sekunde entscheidend. Je l\u00e4nger ein Schlaganfall unbehandelt bleibt, desto gr\u00f6\u00dfer ist das Risiko von Hirnsch\u00e4den und Behinderungen. Symptome eines Schlaganfalls (Schlaganfall) Wenn die Blutzufuhr zu einem Teil des Gehirns verringert oder unterbrochen wird, kommt es zu einem Schlaganfall, weil dem Hirngewebe Sauerstoff und N\u00e4hrstoffe entzogen werden und die Gehirnzellen innerhalb von Minuten abzusterben beginnen. In dem Bereich, in dem der Schlaganfall aufgetreten ist, tritt ein vor\u00fcbergehender oder dauerhafter Funktionsverlust auf. Ein Schlaganfall kann folgende Ursachen haben: Diabetes, Bluthochdruck, Hormonbehandlungen, Rauchen und Alkoholkonsum, Dyslipid\u00e4mie (\u00fcbersch\u00fcssige Blutfette im K\u00f6rper), Bewegungsmangel, Herzrhythmusst\u00f6rungen, Hirnblutungen. Es gibt zwei Arten von Schlaganf\u00e4llen: den isch\u00e4mischen Schlaganfall aufgrund eines Gef\u00e4\u00dfverschlusses und den h\u00e4morrhagischen Schlaganfall aufgrund undichter Blutgef\u00e4\u00dfe. Manche Patienten erleiden eine transitorische isch\u00e4mische Attacke (TIA), bei der die Blutzufuhr zum Gehirn vor\u00fcbergehend unterbrochen wird und die keine bleibenden Symptome verursacht. \u00a0<\/p>","protected":false},"author":1,"featured_media":0,"parent":0,"menu_order":0,"comment_status":"closed","ping_status":"closed","template":"","meta":{"footnotes":""},"class_list":["post-661","page","type-page","status-publish","hentry"],"_links":{"self":[{"href":"https:\/\/antalyatmsmerkezi.com\/de\/wp-json\/wp\/v2\/pages\/661","targetHints":{"allow":["GET"]}}],"collection":[{"href":"https:\/\/antalyatmsmerkezi.com\/de\/wp-json\/wp\/v2\/pages"}],"about":[{"href":"https:\/\/antalyatmsmerkezi.com\/de\/wp-json\/wp\/v2\/types\/page"}],"author":[{"embeddable":true,"href":"https:\/\/antalyatmsmerkezi.com\/de\/wp-json\/wp\/v2\/users\/1"}],"replies":[{"embeddable":true,"href":"https:\/\/antalyatmsmerkezi.com\/de\/wp-json\/wp\/v2\/comments?post=661"}],"version-history":[{"count":13,"href":"https:\/\/antalyatmsmerkezi.com\/de\/wp-json\/wp\/v2\/pages\/661\/revisions"}],"predecessor-version":[{"id":851,"href":"https:\/\/antalyatmsmerkezi.com\/de\/wp-json\/wp\/v2\/pages\/661\/revisions\/851"}],"wp:attachment":[{"href":"https:\/\/antalyatmsmerkezi.com\/de\/wp-json\/wp\/v2\/media?parent=661"}],"curies":[{"name":"wp","href":"https:\/\/api.w.org\/{rel}","templated":true}]}}